{"id":27,"date":"2021-02-05T13:55:49","date_gmt":"2021-02-05T13:55:49","guid":{"rendered":"https:\/\/wi239nm6j.homepage.t-online.de\/?page_id=27"},"modified":"2022-08-17T17:09:22","modified_gmt":"2022-08-17T17:09:22","slug":"uber-uns","status":"publish","type":"page","link":"https:\/\/kuester-bautenschutz.de\/?page_id=27","title":{"rendered":"\u00dcber uns"},"content":{"rendered":"\t\t<div data-elementor-type=\"wp-page\" data-elementor-id=\"27\" class=\"elementor elementor-27\" data-elementor-post-type=\"page\">\n\t\t\t\t\t\t<section class=\"elementor-section elementor-top-section elementor-element elementor-element-1bc1126 elementor-section-boxed elementor-section-height-default elementor-section-height-default\" data-id=\"1bc1126\" data-element_type=\"section\" data-settings=\"{&quot;background_background&quot;:&quot;classic&quot;}\">\n\t\t\t\t\t\t<div class=\"elementor-container elementor-column-gap-default\">\n\t\t\t\t\t<div class=\"elementor-column elementor-col-100 elementor-top-column elementor-element elementor-element-b72edcf\" data-id=\"b72edcf\" data-element_type=\"column\">\n\t\t\t<div class=\"elementor-widget-wrap elementor-element-populated\">\n\t\t\t\t\t\t<div class=\"elementor-element elementor-element-c82c20f elementor-widget elementor-widget-spacer\" data-id=\"c82c20f\" data-element_type=\"widget\" data-widget_type=\"spacer.default\">\n\t\t\t\t<div class=\"elementor-widget-container\">\n\t\t\t\t\t<div class=\"elementor-spacer\">\n\t\t\t<div class=\"elementor-spacer-inner\"><\/div>\n\t\t<\/div>\n\t\t\t\t<\/div>\n\t\t\t\t<\/div>\n\t\t\t\t<div class=\"elementor-element elementor-element-8c2ffec elementor-widget-divider--view-line_text elementor-widget-divider--element-align-center elementor-widget elementor-widget-divider\" data-id=\"8c2ffec\" data-element_type=\"widget\" data-widget_type=\"divider.default\">\n\t\t\t\t<div class=\"elementor-widget-container\">\n\t\t\t\t\t<div class=\"elementor-divider\">\n\t\t\t<span class=\"elementor-divider-separator\">\n\t\t\t\t\t\t\t<span class=\"elementor-divider__text elementor-divider__element\">\n\t\t\t\t\u00dcber uns\t\t\t\t<\/span>\n\t\t\t\t\t\t<\/span>\n\t\t<\/div>\n\t\t\t\t<\/div>\n\t\t\t\t<\/div>\n\t\t\t\t<div class=\"elementor-element elementor-element-57b01ac elementor-widget elementor-widget-text-editor\" data-id=\"57b01ac\" data-element_type=\"widget\" data-widget_type=\"text-editor.default\">\n\t\t\t\t<div class=\"elementor-widget-container\">\n\t\t\t\t\t\t\t<div class=\"entry-content\"><p>Unser Unternehmen ist auf Holz-und Bautenschutzarbeiten (Fachrichtung Bautenschutz) spezialisiert, welches seit 2007 in Deutschland ein anerkannter Ausbildungsberuf ist.<\/p><p>Als Dienstleistungsunternehmen f\u00fcr Sanierung, und Geb\u00e4udeabdichtung bieten wir unseren Kunden ein breitgef\u00e4chertes Spektrum an L\u00f6sungen zur Bauwerkserhaltung an. Gerne beraten wir sie kostenfrei zu Ihrer Sanierung oder auch bei Ihrem Neubau \u00fcber die sinnvollste Art der Abdichtung.<\/p><p>Bei Fragen rund um Ihr Vorhaben kontaktieren sie uns gern!<\/p><\/div>\t\t\t\t\t\t<\/div>\n\t\t\t\t<\/div>\n\t\t\t\t\t<\/div>\n\t\t<\/div>\n\t\t\t\t\t<\/div>\n\t\t<\/section>\n\t\t\t\t<\/div>\n\t\t","protected":false},"excerpt":{"rendered":"<p>\u00dcber uns Unser Unternehmen ist auf Holz-und Bautenschutzarbeiten (Fachrichtung Bautenschutz) spezialisiert, welches seit 2007 in Deutschland ein anerkannter Ausbildungsberuf ist. Als Dienstleistungsunternehmen f\u00fcr Sanierung, und Geb\u00e4udeabdichtung bieten wir unseren Kunden ein breitgef\u00e4chertes Spektrum an L\u00f6sungen zur Bauwerkserhaltung an. Gerne beraten wir sie kostenfrei zu Ihrer Sanierung oder auch bei Ihrem Neubau \u00fcber die sinnvollste Art [&hellip;]<\/p>\n","protected":false},"author":4,"featured_media":0,"parent":0,"menu_order":0,"comment_status":"closed","ping_status":"closed","template":"","meta":{"footnotes":""},"class_list":["post-27","page","type-page","status-publish","hentry"],"yoast_head":"<!-- This site is optimized with the Yoast SEO plugin v23.8 - https:\/\/yoast.com\/wordpress\/plugins\/seo\/ -->\n<title>\u00dcber uns - K\u00fcster || Holz &amp; Bautenschutz<\/title>\n<meta name=\"description\" content=\"Lernen Sie das Team der Arztpraxis Bungert-Feldmann besser kennen.\" \/>\n<meta name=\"robots\" content=\"index, follow, max-snippet:-1, max-image-preview:large, max-video-preview:-1\" \/>\n<link rel=\"canonical\" href=\"https:\/\/kuester-bautenschutz.de\/?page_id=27\" \/>\n<meta property=\"og:locale\" content=\"en_US\" \/>\n<meta property=\"og:type\" content=\"article\" \/>\n<meta property=\"og:title\" content=\"\u00dcber uns - K\u00fcster || Holz &amp; Bautenschutz\" \/>\n<meta property=\"og:description\" content=\"Lernen Sie das Team der Arztpraxis Bungert-Feldmann besser kennen.\" \/>\n<meta property=\"og:url\" content=\"https:\/\/kuester-bautenschutz.de\/?page_id=27\" \/>\n<meta property=\"og:site_name\" content=\"K\u00fcster | Holz &amp; Bautenschutz\" \/>\n<meta property=\"article:modified_time\" content=\"2022-08-17T17:09:22+00:00\" \/>\n<meta name=\"twitter:card\" content=\"summary_large_image\" \/>\n<meta name=\"twitter:label1\" content=\"Est. reading time\" \/>\n\t<meta name=\"twitter:data1\" content=\"1 minute\" \/>\n<script type=\"application\/ld+json\" class=\"yoast-schema-graph\">{\"@context\":\"https:\/\/schema.org\",\"@graph\":[{\"@type\":\"WebPage\",\"@id\":\"https:\/\/kuester-bautenschutz.de\/?page_id=27\",\"url\":\"https:\/\/kuester-bautenschutz.de\/?page_id=27\",\"name\":\"\u00dcber uns - K\u00fcster || Holz & Bautenschutz\",\"isPartOf\":{\"@id\":\"https:\/\/kuester-bautenschutz.de\/#website\"},\"datePublished\":\"2021-02-05T13:55:49+00:00\",\"dateModified\":\"2022-08-17T17:09:22+00:00\",\"description\":\"Lernen Sie das Team der Arztpraxis Bungert-Feldmann besser kennen.\",\"breadcrumb\":{\"@id\":\"https:\/\/kuester-bautenschutz.de\/?page_id=27#breadcrumb\"},\"inLanguage\":\"en-US\",\"potentialAction\":[{\"@type\":\"ReadAction\",\"target\":[\"https:\/\/kuester-bautenschutz.de\/?page_id=27\"]}]},{\"@type\":\"BreadcrumbList\",\"@id\":\"https:\/\/kuester-bautenschutz.de\/?page_id=27#breadcrumb\",\"itemListElement\":[{\"@type\":\"ListItem\",\"position\":1,\"name\":\"Home\",\"item\":\"https:\/\/kuester-bautenschutz.de\/\"},{\"@type\":\"ListItem\",\"position\":2,\"name\":\"\u00dcber uns\"}]},{\"@type\":\"WebSite\",\"@id\":\"https:\/\/kuester-bautenschutz.de\/#website\",\"url\":\"https:\/\/kuester-bautenschutz.de\/\",\"name\":\"K\u00fcster | Holz &amp; Bautenschutz\",\"description\":\"\",\"potentialAction\":[{\"@type\":\"SearchAction\",\"target\":{\"@type\":\"EntryPoint\",\"urlTemplate\":\"https:\/\/kuester-bautenschutz.de\/?s={search_term_string}\"},\"query-input\":{\"@type\":\"PropertyValueSpecification\",\"valueRequired\":true,\"valueName\":\"search_term_string\"}}],\"inLanguage\":\"en-US\"}]}<\/script>\n<!-- \/ Yoast SEO plugin. -->","yoast_head_json":{"title":"\u00dcber uns - K\u00fcster || Holz & Bautenschutz","description":"Lernen Sie das Team der Arztpraxis Bungert-Feldmann besser kennen.","robots":{"index":"index","follow":"follow","max-snippet":"max-snippet:-1","max-image-preview":"max-image-preview:large","max-video-preview":"max-video-preview:-1"},"canonical":"https:\/\/kuester-bautenschutz.de\/?page_id=27","og_locale":"en_US","og_type":"article","og_title":"\u00dcber uns - K\u00fcster || Holz & Bautenschutz","og_description":"Lernen Sie das Team der Arztpraxis Bungert-Feldmann besser kennen.","og_url":"https:\/\/kuester-bautenschutz.de\/?page_id=27","og_site_name":"K\u00fcster | Holz &amp; Bautenschutz","article_modified_time":"2022-08-17T17:09:22+00:00","twitter_card":"summary_large_image","twitter_misc":{"Est. reading time":"1 minute"},"schema":{"@context":"https:\/\/schema.org","@graph":[{"@type":"WebPage","@id":"https:\/\/kuester-bautenschutz.de\/?page_id=27","url":"https:\/\/kuester-bautenschutz.de\/?page_id=27","name":"\u00dcber uns - K\u00fcster || Holz & Bautenschutz","isPartOf":{"@id":"https:\/\/kuester-bautenschutz.de\/#website"},"datePublished":"2021-02-05T13:55:49+00:00","dateModified":"2022-08-17T17:09:22+00:00","description":"Lernen Sie das Team der Arztpraxis Bungert-Feldmann besser kennen.","breadcrumb":{"@id":"https:\/\/kuester-bautenschutz.de\/?page_id=27#breadcrumb"},"inLanguage":"en-US","potentialAction":[{"@type":"ReadAction","target":["https:\/\/kuester-bautenschutz.de\/?page_id=27"]}]},{"@type":"BreadcrumbList","@id":"https:\/\/kuester-bautenschutz.de\/?page_id=27#breadcrumb","itemListElement":[{"@type":"ListItem","position":1,"name":"Home","item":"https:\/\/kuester-bautenschutz.de\/"},{"@type":"ListItem","position":2,"name":"\u00dcber uns"}]},{"@type":"WebSite","@id":"https:\/\/kuester-bautenschutz.de\/#website","url":"https:\/\/kuester-bautenschutz.de\/","name":"K\u00fcster | Holz &amp; Bautenschutz","description":"","potentialAction":[{"@type":"SearchAction","target":{"@type":"EntryPoint","urlTemplate":"https:\/\/kuester-bautenschutz.de\/?s={search_term_string}"},"query-input":{"@type":"PropertyValueSpecification","valueRequired":true,"valueName":"search_term_string"}}],"inLanguage":"en-US"}]}},"_links":{"self":[{"href":"https:\/\/kuester-bautenschutz.de\/index.php?rest_route=\/wp\/v2\/pages\/27","targetHints":{"allow":["GET"]}}],"collection":[{"href":"https:\/\/kuester-bautenschutz.de\/index.php?rest_route=\/wp\/v2\/pages"}],"about":[{"href":"https:\/\/kuester-bautenschutz.de\/index.php?rest_route=\/wp\/v2\/types\/page"}],"author":[{"embeddable":true,"href":"https:\/\/kuester-bautenschutz.de\/index.php?rest_route=\/wp\/v2\/users\/4"}],"replies":[{"embeddable":true,"href":"https:\/\/kuester-bautenschutz.de\/index.php?rest_route=%2Fwp%2Fv2%2Fcomments&post=27"}],"version-history":[{"count":131,"href":"https:\/\/kuester-bautenschutz.de\/index.php?rest_route=\/wp\/v2\/pages\/27\/revisions"}],"predecessor-version":[{"id":886,"href":"https:\/\/kuester-bautenschutz.de\/index.php?rest_route=\/wp\/v2\/pages\/27\/revisions\/886"}],"wp:attachment":[{"href":"https:\/\/kuester-bautenschutz.de\/index.php?rest_route=%2Fwp%2Fv2%2Fmedia&parent=27"}],"curies":[{"name":"wp","href":"https:\/\/api.w.org\/{rel}","templated":true}]}}